{"id":47,"date":"2025-09-24T09:56:05","date_gmt":"2025-09-24T09:56:05","guid":{"rendered":"https:\/\/bimanimacio.hu\/?page_id=47"},"modified":"2025-09-25T13:53:20","modified_gmt":"2025-09-25T13:53:20","slug":"palyazat","status":"publish","type":"page","link":"https:\/\/bimanimacio.hu\/index.php\/palyazat\/","title":{"rendered":"P\u00e1ly\u00e1zat"},"content":{"rendered":"\t\t<div data-elementor-type=\"wp-page\" data-elementor-id=\"47\" class=\"elementor elementor-47\">\n\t\t\t\t<div class=\"elementor-element elementor-element-f5206b5 e-flex e-con-boxed e-con e-parent\" data-id=\"f5206b5\" data-element_type=\"container\" data-settings=\"{&quot;background_background&quot;:&quot;classic&quot;}\">\n\t\t\t\t\t<div class=\"e-con-inner\">\n\t\t\t\t<div class=\"elementor-element elementor-element-29d17bc elementor-widget elementor-widget-heading\" data-id=\"29d17bc\" data-element_type=\"widget\" data-widget_type=\"heading.default\">\n\t\t\t\t\t<h2 class=\"elementor-heading-title elementor-size-default\">P\u00e1ly\u00e1zat<\/h2>\t\t\t\t<\/div>\n\t\t\t\t\t<\/div>\n\t\t\t\t<\/div>\n\t\t<div class=\"elementor-element elementor-element-3e9f153 e-flex e-con-boxed e-con e-parent\" data-id=\"3e9f153\" data-element_type=\"container\" data-settings=\"{&quot;background_background&quot;:&quot;classic&quot;}\">\n\t\t\t\t\t<div class=\"e-con-inner\">\n\t\t\t\t<div class=\"elementor-element elementor-element-3427e22 elementor-widget elementor-widget-heading\" data-id=\"3427e22\" data-element_type=\"widget\" data-widget_type=\"heading.default\">\n\t\t\t\t\t<h2 class=\"elementor-heading-title elementor-size-default\">A BIM ANIM\u00c1CI\u00d3 Kft. a Virgo Ventures Zrt. inkub\u00e1ltjak\u00e9nt megkezdi a \u201e3D BIM Anim\u00e1ci\u00f3s Modell\u201d c\u00edm\u0171 projektj\u00e9t a Nemzeti Kutat\u00e1si, Fejleszt\u00e9si \u00e9s Innov\u00e1ci\u00f3s Hivatal \u00e1ltal meghirdetett 2023-1.1.3-STARTUP \u201eSTARTUP FACTORY 2023 felh\u00edv\u00e1s keret\u00e9ben.<\/h2>\t\t\t\t<\/div>\n\t\t\t\t<div class=\"elementor-element elementor-element-1643a00 elementor-widget elementor-widget-text-editor\" data-id=\"1643a00\" data-element_type=\"widget\" data-widget_type=\"text-editor.default\">\n\t\t\t\t\t\t\t\t\t<p>Az \u00e9p\u00edt\u0151ipari \u00e9s gy\u00e1rt\u00e1si folyamatok hat\u00e9konys\u00e1g\u00e1nak n\u00f6vel\u00e9s\u00e9t szolg\u00e1lja a projekt keret\u00e9ben kifejleszt\u00e9sre ker\u00fcl\u0151 3D BIM modellalap\u00fa anim\u00e1ci\u00f3s technol\u00f3gia, amely m\u00e1r a kivitelez\u00e9s megkezd\u00e9se el\u0151tt lehet\u0151v\u00e9 teszi az \u00e9p\u00edt\u00e9si logisztika \u00e9s kivitelez\u00e9si szakaszok t\u00e9rbeli \u00e9s id\u0151beli megtervez\u00e9s\u00e9t. A val\u00f3s idej\u0171 modellez\u00e9s seg\u00edti a munkafolyamatok \u00f6sszehangol\u00e1s\u00e1t, bele\u00e9rtve a daruk, depon\u00e1l\u00f3 ter\u00fcletek, biztons\u00e1gi rendszerek \u00e9s k\u00f6zleked\u00e9si \u00fatvonalak optimaliz\u00e1l\u00e1s\u00e1t.<\/p><p>A gy\u00e1rt\u00e1si folyamat anim\u00e1ci\u00f3ja szint\u00e9n 3D modellre \u00e9p\u00fcl, \u00e9s lehet\u0151s\u00e9get biztos\u00edt a gy\u00e1rt\u00e1si t\u00e9r elemz\u00e9s\u00e9re, az emberi \u00e9s g\u00e9pi mozg\u00e1sok szimul\u00e1l\u00e1s\u00e1ra, valamint a munka- \u00e9s eg\u00e9szs\u00e9gv\u00e9delem t\u00e9rbeli modellez\u00e9s\u00e9re. Az elk\u00e9sz\u00fclt anim\u00e1ci\u00f3 nemcsak a munkat\u00e1rsak betan\u00edt\u00e1s\u00e1t t\u00e1mogatja, hanem professzion\u00e1lis bemutat\u00f3k\u00e9nt is szolg\u00e1lhat partnerek \u00e9s \u00e9rdekl\u0151d\u0151k sz\u00e1m\u00e1ra.<\/p><p>A projekt \u00f6sszesen 65,898 milli\u00f3 Ft-os k\u00f6lts\u00e9gvet\u00e9ssel, val\u00f3sul meg, melyhez a v\u00e1llalat 52,718 milli\u00f3 forint t\u00e1mogat\u00e1st nyert el az NKFI Alapb\u00f3l.<\/p>\t\t\t\t\t\t\t\t<\/div>\n\t\t\t\t\t<\/div>\n\t\t\t\t<\/div>\n\t\t<div class=\"elementor-element elementor-element-71d1c4c e-flex e-con-boxed e-con e-parent\" data-id=\"71d1c4c\" data-element_type=\"container\">\n\t\t\t\t\t<div class=\"e-con-inner\">\n\t\t\t\t<div class=\"elementor-element elementor-element-fe0476a elementor-widget elementor-widget-image\" data-id=\"fe0476a\" data-element_type=\"widget\" data-widget_type=\"image.default\">\n\t\t\t\t\t\t\t\t\t\t\t\t\t\t\t<img fetchpriority=\"high\" decoding=\"async\" width=\"800\" height=\"188\" src=\"https:\/\/bimanimacio.hu\/wp-content\/uploads\/2025\/09\/NKFIA_infoblokk_projekt_fekvo_2019_HU-1024x240.webp\" class=\"attachment-large size-large wp-image-68\" alt=\"\" srcset=\"https:\/\/bimanimacio.hu\/wp-content\/uploads\/2025\/09\/NKFIA_infoblokk_projekt_fekvo_2019_HU-1024x240.webp 1024w, https:\/\/bimanimacio.hu\/wp-content\/uploads\/2025\/09\/NKFIA_infoblokk_projekt_fekvo_2019_HU-300x70.webp 300w, https:\/\/bimanimacio.hu\/wp-content\/uploads\/2025\/09\/NKFIA_infoblokk_projekt_fekvo_2019_HU-768x180.webp 768w, https:\/\/bimanimacio.hu\/wp-content\/uploads\/2025\/09\/NKFIA_infoblokk_projekt_fekvo_2019_HU.webp 1110w\" sizes=\"(max-width: 800px) 100vw, 800px\" \/>\t\t\t\t\t\t\t\t\t\t\t\t\t\t\t<\/div>\n\t\t\t\t\t<\/div>\n\t\t\t\t<\/div>\n\t\t\t\t<\/div>\n\t\t","protected":false},"excerpt":{"rendered":"<p>P\u00e1ly\u00e1zat A BIM ANIM\u00c1CI\u00d3 Kft. a Virgo Ventures Zrt. inkub\u00e1ltjak\u00e9nt megkezdi a \u201e3D BIM Anim\u00e1ci\u00f3s Modell\u201d c\u00edm\u0171 projektj\u00e9t a Nemzeti Kutat\u00e1si, Fejleszt\u00e9si \u00e9s Innov\u00e1ci\u00f3s Hivatal \u00e1ltal meghirdetett 2023-1.1.3-STARTUP \u201eSTARTUP FACTORY 2023 felh\u00edv\u00e1s keret\u00e9ben. Az \u00e9p\u00edt\u0151ipari \u00e9s gy\u00e1rt\u00e1si folyamatok hat\u00e9konys\u00e1g\u00e1nak n\u00f6vel\u00e9s\u00e9t szolg\u00e1lja a projekt keret\u00e9ben kifejleszt\u00e9sre ker\u00fcl\u0151 3D BIM modellalap\u00fa anim\u00e1ci\u00f3s technol\u00f3gia, amely m\u00e1r a kivitelez\u00e9s [&hellip;]<\/p>\n","protected":false},"author":1,"featured_media":0,"parent":0,"menu_order":0,"comment_status":"closed","ping_status":"closed","template":"elementor_canvas","meta":{"footnotes":""},"class_list":["post-47","page","type-page","status-publish","hentry"],"_links":{"self":[{"href":"https:\/\/bimanimacio.hu\/index.php\/wp-json\/wp\/v2\/pages\/47","targetHints":{"allow":["GET"]}}],"collection":[{"href":"https:\/\/bimanimacio.hu\/index.php\/wp-json\/wp\/v2\/pages"}],"about":[{"href":"https:\/\/bimanimacio.hu\/index.php\/wp-json\/wp\/v2\/types\/page"}],"author":[{"embeddable":true,"href":"https:\/\/bimanimacio.hu\/index.php\/wp-json\/wp\/v2\/users\/1"}],"replies":[{"embeddable":true,"href":"https:\/\/bimanimacio.hu\/index.php\/wp-json\/wp\/v2\/comments?post=47"}],"version-history":[{"count":28,"href":"https:\/\/bimanimacio.hu\/index.php\/wp-json\/wp\/v2\/pages\/47\/revisions"}],"predecessor-version":[{"id":116,"href":"https:\/\/bimanimacio.hu\/index.php\/wp-json\/wp\/v2\/pages\/47\/revisions\/116"}],"wp:attachment":[{"href":"https:\/\/bimanimacio.hu\/index.php\/wp-json\/wp\/v2\/media?parent=47"}],"curies":[{"name":"wp","href":"https:\/\/api.w.org\/{rel}","templated":true}]}}